{"id":1097,"date":"2026-03-17T15:17:34","date_gmt":"2026-03-17T07:17:34","guid":{"rendered":"https:\/\/zishengtransformer.com\/?post_type=product&#038;p=1097"},"modified":"2026-03-17T15:24:38","modified_gmt":"2026-03-17T07:24:38","slug":"electrical-transformer-12-kv-240-v-oil-type-distribution-transformer-50-kva-single-phase-pole-mounted-transformer","status":"publish","type":"product","link":"https:\/\/zishengtransformer.com\/es\/electrical-transformer-12-kv-240-v-oil-type-distribution-transformer-50-kva-single-phase-pole-mounted-transformer\/","title":{"rendered":"Transformador El\u00e9ctrico de Distribuci\u00f3n Tipo Aceite 12 kV 240 V de 50 kVA Monof\u00e1sico Montado en Poste"},"content":{"rendered":"","protected":false},"featured_media":1098,"template":"","meta":{"_acf_changed":true},"product-category":[24],"class_list":["post-1097","product","type-product","status-publish","has-post-thumbnail","hentry","product-category-pole-mounted-transformer"],"acf":[],"_links":{"self":[{"href":"https:\/\/zishengtransformer.com\/es\/wp-json\/wp\/v2\/product\/1097","targetHints":{"allow":["GET"]}}],"collection":[{"href":"https:\/\/zishengtransformer.com\/es\/wp-json\/wp\/v2\/product"}],"about":[{"href":"https:\/\/zishengtransformer.com\/es\/wp-json\/wp\/v2\/types\/product"}],"wp:featuredmedia":[{"embeddable":true,"href":"https:\/\/zishengtransformer.com\/es\/wp-json\/wp\/v2\/media\/1098"}],"wp:attachment":[{"href":"https:\/\/zishengtransformer.com\/es\/wp-json\/wp\/v2\/media?parent=1097"}],"wp:term":[{"taxonomy":"product-category","embeddable":true,"href":"https:\/\/zishengtransformer.com\/es\/wp-json\/wp\/v2\/product-category?post=1097"}],"curies":[{"name":"wp","href":"https:\/\/api.w.org\/{rel}","templated":true}]}}